{"id":1512,"date":"2025-11-14T10:46:44","date_gmt":"2025-11-14T10:46:44","guid":{"rendered":"http:\/\/emb-solucoes.com\/teste\/?post_type=product&#038;p=1512"},"modified":"2025-12-07T22:27:04","modified_gmt":"2025-12-07T22:27:04","slug":"windows-10","status":"publish","type":"product","link":"http:\/\/emb-solucoes.com\/teste\/produto\/windows-10\/","title":{"rendered":"Windows 10 Pro"},"content":{"rendered":"<p>S\u00f3lido, seguro e altamente compat\u00edvel com praticamente todos os programas do mercado. Uma escolha confi\u00e1vel para empresas e utilizadores profissionais.<\/p>\n","protected":false},"excerpt":{"rendered":"<p>S\u00f3lido, seguro e altamente compat\u00edvel com praticamente todos os programas do mercado. Uma escolha confi\u00e1vel para empresas e utilizadores profissionais.<\/p>\n","protected":false},"featured_media":1503,"comment_status":"open","ping_status":"closed","template":"","meta":[],"product_brand":[],"product_cat":[21],"product_tag":[],"class_list":{"0":"post-1512","1":"product","2":"type-product","3":"status-publish","4":"has-post-thumbnail","6":"product_cat-licencas","8":"first","9":"instock","10":"taxable","11":"shipping-taxable","12":"purchasable","13":"product-type-simple"},"_links":{"self":[{"href":"http:\/\/emb-solucoes.com\/teste\/wp-json\/wp\/v2\/product\/1512","targetHints":{"allow":["GET"]}}],"collection":[{"href":"http:\/\/emb-solucoes.com\/teste\/wp-json\/wp\/v2\/product"}],"about":[{"href":"http:\/\/emb-solucoes.com\/teste\/wp-json\/wp\/v2\/types\/product"}],"replies":[{"embeddable":true,"href":"http:\/\/emb-solucoes.com\/teste\/wp-json\/wp\/v2\/comments?post=1512"}],"version-history":[{"count":3,"href":"http:\/\/emb-solucoes.com\/teste\/wp-json\/wp\/v2\/product\/1512\/revisions"}],"predecessor-version":[{"id":1522,"href":"http:\/\/emb-solucoes.com\/teste\/wp-json\/wp\/v2\/product\/1512\/revisions\/1522"}],"wp:featuredmedia":[{"embeddable":true,"href":"http:\/\/emb-solucoes.com\/teste\/wp-json\/wp\/v2\/media\/1503"}],"wp:attachment":[{"href":"http:\/\/emb-solucoes.com\/teste\/wp-json\/wp\/v2\/media?parent=1512"}],"wp:term":[{"taxonomy":"product_brand","embeddable":true,"href":"http:\/\/emb-solucoes.com\/teste\/wp-json\/wp\/v2\/product_brand?post=1512"},{"taxonomy":"product_cat","embeddable":true,"href":"http:\/\/emb-solucoes.com\/teste\/wp-json\/wp\/v2\/product_cat?post=1512"},{"taxonomy":"product_tag","embeddable":true,"href":"http:\/\/emb-solucoes.com\/teste\/wp-json\/wp\/v2\/product_tag?post=1512"}],"curies":[{"name":"wp","href":"https:\/\/api.w.org\/{rel}","templated":true}]}}