{"id":1520,"date":"2025-11-14T10:51:43","date_gmt":"2025-11-14T10:51:43","guid":{"rendered":"http:\/\/emb-solucoes.com\/teste\/?post_type=product&#038;p=1520"},"modified":"2025-12-07T22:27:04","modified_gmt":"2025-12-07T22:27:04","slug":"windows-server","status":"publish","type":"product","link":"http:\/\/emb-solucoes.com\/teste\/produto\/windows-server\/","title":{"rendered":"Windows Server"},"content":{"rendered":"<p>O sistema mais recente da Microsoft, com design moderno, ferramentas avan\u00e7adas de seguran\u00e7a e compatibilidade com aplica\u00e7\u00f5es atuais. Perfeito para trabalho profissional e computadores modernos.<\/p>\n","protected":false},"excerpt":{"rendered":"<p>O sistema mais recente da Microsoft, com design moderno, ferramentas avan\u00e7adas de seguran\u00e7a e compatibilidade com aplica\u00e7\u00f5es atuais. Perfeito para<\/p>\n","protected":false},"featured_media":1505,"comment_status":"open","ping_status":"closed","template":"","meta":[],"product_brand":[],"product_cat":[21],"product_tag":[],"class_list":{"0":"post-1520","1":"product","2":"type-product","3":"status-publish","4":"has-post-thumbnail","6":"product_cat-licencas","8":"first","9":"instock","10":"taxable","11":"shipping-taxable","12":"purchasable","13":"product-type-simple"},"_links":{"self":[{"href":"http:\/\/emb-solucoes.com\/teste\/wp-json\/wp\/v2\/product\/1520","targetHints":{"allow":["GET"]}}],"collection":[{"href":"http:\/\/emb-solucoes.com\/teste\/wp-json\/wp\/v2\/product"}],"about":[{"href":"http:\/\/emb-solucoes.com\/teste\/wp-json\/wp\/v2\/types\/product"}],"replies":[{"embeddable":true,"href":"http:\/\/emb-solucoes.com\/teste\/wp-json\/wp\/v2\/comments?post=1520"}],"version-history":[{"count":1,"href":"http:\/\/emb-solucoes.com\/teste\/wp-json\/wp\/v2\/product\/1520\/revisions"}],"predecessor-version":[{"id":1521,"href":"http:\/\/emb-solucoes.com\/teste\/wp-json\/wp\/v2\/product\/1520\/revisions\/1521"}],"wp:featuredmedia":[{"embeddable":true,"href":"http:\/\/emb-solucoes.com\/teste\/wp-json\/wp\/v2\/media\/1505"}],"wp:attachment":[{"href":"http:\/\/emb-solucoes.com\/teste\/wp-json\/wp\/v2\/media?parent=1520"}],"wp:term":[{"taxonomy":"product_brand","embeddable":true,"href":"http:\/\/emb-solucoes.com\/teste\/wp-json\/wp\/v2\/product_brand?post=1520"},{"taxonomy":"product_cat","embeddable":true,"href":"http:\/\/emb-solucoes.com\/teste\/wp-json\/wp\/v2\/product_cat?post=1520"},{"taxonomy":"product_tag","embeddable":true,"href":"http:\/\/emb-solucoes.com\/teste\/wp-json\/wp\/v2\/product_tag?post=1520"}],"curies":[{"name":"wp","href":"https:\/\/api.w.org\/{rel}","templated":true}]}}