{"id":1526,"date":"2025-11-15T09:33:28","date_gmt":"2025-11-15T09:33:28","guid":{"rendered":"http:\/\/emb-solucoes.com\/teste\/?post_type=product&#038;p=1526"},"modified":"2025-12-07T22:27:04","modified_gmt":"2025-12-07T22:27:04","slug":"windows-server-2025-standard","status":"publish","type":"product","link":"http:\/\/emb-solucoes.com\/teste\/produto\/windows-server-2025-standard\/","title":{"rendered":"Windows Server 2025 Standard"},"content":{"rendered":"<p>A mais nova edi\u00e7\u00e3o do Windows Server, otimizada para ambientes h\u00edbridos e com recursos avan\u00e7ados de virtualiza\u00e7\u00e3o, seguran\u00e7a e gest\u00e3o.<\/p>\n","protected":false},"excerpt":{"rendered":"<p>A mais nova edi\u00e7\u00e3o do Windows Server, otimizada para ambientes h\u00edbridos e com recursos avan\u00e7ados de virtualiza\u00e7\u00e3o, seguran\u00e7a e gest\u00e3o.<\/p>\n","protected":false},"featured_media":1524,"comment_status":"open","ping_status":"closed","template":"","meta":[],"product_brand":[],"product_cat":[21],"product_tag":[],"class_list":{"0":"post-1526","1":"product","2":"type-product","3":"status-publish","4":"has-post-thumbnail","6":"product_cat-licencas","8":"first","9":"instock","10":"taxable","11":"shipping-taxable","12":"purchasable","13":"product-type-simple"},"_links":{"self":[{"href":"http:\/\/emb-solucoes.com\/teste\/wp-json\/wp\/v2\/product\/1526","targetHints":{"allow":["GET"]}}],"collection":[{"href":"http:\/\/emb-solucoes.com\/teste\/wp-json\/wp\/v2\/product"}],"about":[{"href":"http:\/\/emb-solucoes.com\/teste\/wp-json\/wp\/v2\/types\/product"}],"replies":[{"embeddable":true,"href":"http:\/\/emb-solucoes.com\/teste\/wp-json\/wp\/v2\/comments?post=1526"}],"version-history":[{"count":1,"href":"http:\/\/emb-solucoes.com\/teste\/wp-json\/wp\/v2\/product\/1526\/revisions"}],"predecessor-version":[{"id":1527,"href":"http:\/\/emb-solucoes.com\/teste\/wp-json\/wp\/v2\/product\/1526\/revisions\/1527"}],"wp:featuredmedia":[{"embeddable":true,"href":"http:\/\/emb-solucoes.com\/teste\/wp-json\/wp\/v2\/media\/1524"}],"wp:attachment":[{"href":"http:\/\/emb-solucoes.com\/teste\/wp-json\/wp\/v2\/media?parent=1526"}],"wp:term":[{"taxonomy":"product_brand","embeddable":true,"href":"http:\/\/emb-solucoes.com\/teste\/wp-json\/wp\/v2\/product_brand?post=1526"},{"taxonomy":"product_cat","embeddable":true,"href":"http:\/\/emb-solucoes.com\/teste\/wp-json\/wp\/v2\/product_cat?post=1526"},{"taxonomy":"product_tag","embeddable":true,"href":"http:\/\/emb-solucoes.com\/teste\/wp-json\/wp\/v2\/product_tag?post=1526"}],"curies":[{"name":"wp","href":"https:\/\/api.w.org\/{rel}","templated":true}]}}