{"id":1528,"date":"2025-11-15T09:35:05","date_gmt":"2025-11-15T09:35:05","guid":{"rendered":"http:\/\/emb-solucoes.com\/teste\/?post_type=product&#038;p=1528"},"modified":"2025-12-07T22:27:04","modified_gmt":"2025-12-07T22:27:04","slug":"windows-server-2025-datacenter","status":"publish","type":"product","link":"http:\/\/emb-solucoes.com\/teste\/produto\/windows-server-2025-datacenter\/","title":{"rendered":"Windows Server 2025 Datacenter"},"content":{"rendered":"<p>Vers\u00e3o completa para infraestruturas cr\u00edticas com grande volume de m\u00e1quinas virtuais. Indicado para empresas que precisam de alta disponibilidade, escalabilidade e desempenho superior.<\/p>\n","protected":false},"excerpt":{"rendered":"<p>Vers\u00e3o completa para infraestruturas cr\u00edticas com grande volume de m\u00e1quinas virtuais. Indicado para empresas que precisam de alta disponibilidade, escalabilidade<\/p>\n","protected":false},"featured_media":1525,"comment_status":"open","ping_status":"closed","template":"","meta":[],"product_brand":[],"product_cat":[21],"product_tag":[],"class_list":{"0":"post-1528","1":"product","2":"type-product","3":"status-publish","4":"has-post-thumbnail","6":"product_cat-licencas","8":"first","9":"instock","10":"taxable","11":"shipping-taxable","12":"purchasable","13":"product-type-simple"},"_links":{"self":[{"href":"http:\/\/emb-solucoes.com\/teste\/wp-json\/wp\/v2\/product\/1528","targetHints":{"allow":["GET"]}}],"collection":[{"href":"http:\/\/emb-solucoes.com\/teste\/wp-json\/wp\/v2\/product"}],"about":[{"href":"http:\/\/emb-solucoes.com\/teste\/wp-json\/wp\/v2\/types\/product"}],"replies":[{"embeddable":true,"href":"http:\/\/emb-solucoes.com\/teste\/wp-json\/wp\/v2\/comments?post=1528"}],"version-history":[{"count":1,"href":"http:\/\/emb-solucoes.com\/teste\/wp-json\/wp\/v2\/product\/1528\/revisions"}],"predecessor-version":[{"id":1529,"href":"http:\/\/emb-solucoes.com\/teste\/wp-json\/wp\/v2\/product\/1528\/revisions\/1529"}],"wp:featuredmedia":[{"embeddable":true,"href":"http:\/\/emb-solucoes.com\/teste\/wp-json\/wp\/v2\/media\/1525"}],"wp:attachment":[{"href":"http:\/\/emb-solucoes.com\/teste\/wp-json\/wp\/v2\/media?parent=1528"}],"wp:term":[{"taxonomy":"product_brand","embeddable":true,"href":"http:\/\/emb-solucoes.com\/teste\/wp-json\/wp\/v2\/product_brand?post=1528"},{"taxonomy":"product_cat","embeddable":true,"href":"http:\/\/emb-solucoes.com\/teste\/wp-json\/wp\/v2\/product_cat?post=1528"},{"taxonomy":"product_tag","embeddable":true,"href":"http:\/\/emb-solucoes.com\/teste\/wp-json\/wp\/v2\/product_tag?post=1528"}],"curies":[{"name":"wp","href":"https:\/\/api.w.org\/{rel}","templated":true}]}}