{"id":1614,"date":"2025-11-15T13:31:47","date_gmt":"2025-11-15T13:31:47","guid":{"rendered":"http:\/\/emb-solucoes.com\/teste\/?post_type=product&#038;p=1614"},"modified":"2025-12-07T22:25:42","modified_gmt":"2025-12-07T22:25:42","slug":"vmware-vsphere-7-standard","status":"publish","type":"product","link":"http:\/\/emb-solucoes.com\/teste\/produto\/vmware-vsphere-7-standard\/","title":{"rendered":"VMware Standard V.7"},"content":{"rendered":"<p>Plataforma de virtualiza\u00e7\u00e3o robusta para empresas que precisam consolidar servidores e melhorar a gest\u00e3o de recursos de TI.<\/p>\n","protected":false},"excerpt":{"rendered":"<p>Plataforma de virtualiza\u00e7\u00e3o robusta para empresas que precisam consolidar servidores e melhorar a gest\u00e3o de recursos de TI.<\/p>\n","protected":false},"featured_media":1618,"comment_status":"open","ping_status":"closed","template":"","meta":[],"product_brand":[],"product_cat":[21],"product_tag":[],"class_list":{"0":"post-1614","1":"product","2":"type-product","3":"status-publish","4":"has-post-thumbnail","6":"product_cat-licencas","8":"first","9":"instock","10":"taxable","11":"shipping-taxable","12":"purchasable","13":"product-type-simple"},"_links":{"self":[{"href":"http:\/\/emb-solucoes.com\/teste\/wp-json\/wp\/v2\/product\/1614","targetHints":{"allow":["GET"]}}],"collection":[{"href":"http:\/\/emb-solucoes.com\/teste\/wp-json\/wp\/v2\/product"}],"about":[{"href":"http:\/\/emb-solucoes.com\/teste\/wp-json\/wp\/v2\/types\/product"}],"replies":[{"embeddable":true,"href":"http:\/\/emb-solucoes.com\/teste\/wp-json\/wp\/v2\/comments?post=1614"}],"version-history":[{"count":4,"href":"http:\/\/emb-solucoes.com\/teste\/wp-json\/wp\/v2\/product\/1614\/revisions"}],"predecessor-version":[{"id":1765,"href":"http:\/\/emb-solucoes.com\/teste\/wp-json\/wp\/v2\/product\/1614\/revisions\/1765"}],"wp:featuredmedia":[{"embeddable":true,"href":"http:\/\/emb-solucoes.com\/teste\/wp-json\/wp\/v2\/media\/1618"}],"wp:attachment":[{"href":"http:\/\/emb-solucoes.com\/teste\/wp-json\/wp\/v2\/media?parent=1614"}],"wp:term":[{"taxonomy":"product_brand","embeddable":true,"href":"http:\/\/emb-solucoes.com\/teste\/wp-json\/wp\/v2\/product_brand?post=1614"},{"taxonomy":"product_cat","embeddable":true,"href":"http:\/\/emb-solucoes.com\/teste\/wp-json\/wp\/v2\/product_cat?post=1614"},{"taxonomy":"product_tag","embeddable":true,"href":"http:\/\/emb-solucoes.com\/teste\/wp-json\/wp\/v2\/product_tag?post=1614"}],"curies":[{"name":"wp","href":"https:\/\/api.w.org\/{rel}","templated":true}]}}