{"id":1625,"date":"2025-11-15T13:33:06","date_gmt":"2025-11-15T13:33:06","guid":{"rendered":"http:\/\/emb-solucoes.com\/teste\/?post_type=product&#038;p=1625"},"modified":"2025-12-07T22:25:42","modified_gmt":"2025-12-07T22:25:42","slug":"vmware-vsphere-7-essentials","status":"publish","type":"product","link":"http:\/\/emb-solucoes.com\/teste\/produto\/vmware-vsphere-7-essentials\/","title":{"rendered":"VMware Essentials V.7"},"content":{"rendered":"<p>Solu\u00e7\u00e3o acess\u00edvel para pequenas empresas que desejam iniciar a virtualiza\u00e7\u00e3o de forma segura, est\u00e1vel e econ\u00f3mica.<\/p>\n","protected":false},"excerpt":{"rendered":"<p>Solu\u00e7\u00e3o acess\u00edvel para pequenas empresas que desejam iniciar a virtualiza\u00e7\u00e3o de forma segura, est\u00e1vel e econ\u00f3mica.<\/p>\n","protected":false},"featured_media":1617,"comment_status":"open","ping_status":"closed","template":"","meta":[],"product_brand":[],"product_cat":[21],"product_tag":[],"class_list":{"0":"post-1625","1":"product","2":"type-product","3":"status-publish","4":"has-post-thumbnail","6":"product_cat-licencas","8":"first","9":"instock","10":"taxable","11":"shipping-taxable","12":"purchasable","13":"product-type-simple"},"_links":{"self":[{"href":"http:\/\/emb-solucoes.com\/teste\/wp-json\/wp\/v2\/product\/1625","targetHints":{"allow":["GET"]}}],"collection":[{"href":"http:\/\/emb-solucoes.com\/teste\/wp-json\/wp\/v2\/product"}],"about":[{"href":"http:\/\/emb-solucoes.com\/teste\/wp-json\/wp\/v2\/types\/product"}],"replies":[{"embeddable":true,"href":"http:\/\/emb-solucoes.com\/teste\/wp-json\/wp\/v2\/comments?post=1625"}],"version-history":[{"count":4,"href":"http:\/\/emb-solucoes.com\/teste\/wp-json\/wp\/v2\/product\/1625\/revisions"}],"predecessor-version":[{"id":1766,"href":"http:\/\/emb-solucoes.com\/teste\/wp-json\/wp\/v2\/product\/1625\/revisions\/1766"}],"wp:featuredmedia":[{"embeddable":true,"href":"http:\/\/emb-solucoes.com\/teste\/wp-json\/wp\/v2\/media\/1617"}],"wp:attachment":[{"href":"http:\/\/emb-solucoes.com\/teste\/wp-json\/wp\/v2\/media?parent=1625"}],"wp:term":[{"taxonomy":"product_brand","embeddable":true,"href":"http:\/\/emb-solucoes.com\/teste\/wp-json\/wp\/v2\/product_brand?post=1625"},{"taxonomy":"product_cat","embeddable":true,"href":"http:\/\/emb-solucoes.com\/teste\/wp-json\/wp\/v2\/product_cat?post=1625"},{"taxonomy":"product_tag","embeddable":true,"href":"http:\/\/emb-solucoes.com\/teste\/wp-json\/wp\/v2\/product_tag?post=1625"}],"curies":[{"name":"wp","href":"https:\/\/api.w.org\/{rel}","templated":true}]}}