{"id":1627,"date":"2025-11-15T13:34:41","date_gmt":"2025-11-15T13:34:41","guid":{"rendered":"http:\/\/emb-solucoes.com\/teste\/?post_type=product&#038;p=1627"},"modified":"2025-12-07T22:25:42","modified_gmt":"2025-12-07T22:25:42","slug":"vmware-vsphere-7-enterprise-plus","status":"publish","type":"product","link":"http:\/\/emb-solucoes.com\/teste\/produto\/vmware-vsphere-7-enterprise-plus\/","title":{"rendered":"VMware Enterprise Plus"},"content":{"rendered":"<p>A solu\u00e7\u00e3o mais completa com recursos avan\u00e7ados de automa\u00e7\u00e3o, escalabilidade e alta disponibilidade. Ideal para infraestruturas complexas.<\/p>\n","protected":false},"excerpt":{"rendered":"<p>A solu\u00e7\u00e3o mais completa com recursos avan\u00e7ados de automa\u00e7\u00e3o, escalabilidade e alta disponibilidade. Ideal para infraestruturas complexas.<\/p>\n","protected":false},"featured_media":1616,"comment_status":"open","ping_status":"closed","template":"","meta":[],"product_brand":[],"product_cat":[21],"product_tag":[],"class_list":{"0":"post-1627","1":"product","2":"type-product","3":"status-publish","4":"has-post-thumbnail","6":"product_cat-licencas","8":"first","9":"instock","10":"taxable","11":"shipping-taxable","12":"purchasable","13":"product-type-simple"},"_links":{"self":[{"href":"http:\/\/emb-solucoes.com\/teste\/wp-json\/wp\/v2\/product\/1627","targetHints":{"allow":["GET"]}}],"collection":[{"href":"http:\/\/emb-solucoes.com\/teste\/wp-json\/wp\/v2\/product"}],"about":[{"href":"http:\/\/emb-solucoes.com\/teste\/wp-json\/wp\/v2\/types\/product"}],"replies":[{"embeddable":true,"href":"http:\/\/emb-solucoes.com\/teste\/wp-json\/wp\/v2\/comments?post=1627"}],"version-history":[{"count":2,"href":"http:\/\/emb-solucoes.com\/teste\/wp-json\/wp\/v2\/product\/1627\/revisions"}],"predecessor-version":[{"id":1632,"href":"http:\/\/emb-solucoes.com\/teste\/wp-json\/wp\/v2\/product\/1627\/revisions\/1632"}],"wp:featuredmedia":[{"embeddable":true,"href":"http:\/\/emb-solucoes.com\/teste\/wp-json\/wp\/v2\/media\/1616"}],"wp:attachment":[{"href":"http:\/\/emb-solucoes.com\/teste\/wp-json\/wp\/v2\/media?parent=1627"}],"wp:term":[{"taxonomy":"product_brand","embeddable":true,"href":"http:\/\/emb-solucoes.com\/teste\/wp-json\/wp\/v2\/product_brand?post=1627"},{"taxonomy":"product_cat","embeddable":true,"href":"http:\/\/emb-solucoes.com\/teste\/wp-json\/wp\/v2\/product_cat?post=1627"},{"taxonomy":"product_tag","embeddable":true,"href":"http:\/\/emb-solucoes.com\/teste\/wp-json\/wp\/v2\/product_tag?post=1627"}],"curies":[{"name":"wp","href":"https:\/\/api.w.org\/{rel}","templated":true}]}}