{"id":1629,"date":"2025-11-15T13:36:15","date_gmt":"2025-11-15T13:36:15","guid":{"rendered":"http:\/\/emb-solucoes.com\/teste\/?post_type=product&#038;p=1629"},"modified":"2025-12-07T22:25:41","modified_gmt":"2025-12-07T22:25:41","slug":"vmware-vsphere-7-vcenter","status":"publish","type":"product","link":"http:\/\/emb-solucoes.com\/teste\/produto\/vmware-vsphere-7-vcenter\/","title":{"rendered":"VMware 7 vCenter"},"content":{"rendered":"<p>Ferramenta centralizada de gest\u00e3o para todos os hosts e m\u00e1quinas virtuais. Permite controlo total, monitoramento e administra\u00e7\u00e3o eficiente do ambiente virtual.<\/p>\n","protected":false},"excerpt":{"rendered":"<p>Ferramenta centralizada de gest\u00e3o para todos os hosts e m\u00e1quinas virtuais. Permite controlo total, monitoramento e administra\u00e7\u00e3o eficiente do ambiente<\/p>\n","protected":false},"featured_media":1615,"comment_status":"open","ping_status":"closed","template":"","meta":[],"product_brand":[],"product_cat":[21],"product_tag":[],"class_list":{"0":"post-1629","1":"product","2":"type-product","3":"status-publish","4":"has-post-thumbnail","6":"product_cat-licencas","8":"first","9":"instock","10":"downloadable","11":"taxable","12":"shipping-taxable","13":"purchasable","14":"product-type-simple"},"_links":{"self":[{"href":"http:\/\/emb-solucoes.com\/teste\/wp-json\/wp\/v2\/product\/1629","targetHints":{"allow":["GET"]}}],"collection":[{"href":"http:\/\/emb-solucoes.com\/teste\/wp-json\/wp\/v2\/product"}],"about":[{"href":"http:\/\/emb-solucoes.com\/teste\/wp-json\/wp\/v2\/types\/product"}],"replies":[{"embeddable":true,"href":"http:\/\/emb-solucoes.com\/teste\/wp-json\/wp\/v2\/comments?post=1629"}],"version-history":[{"count":2,"href":"http:\/\/emb-solucoes.com\/teste\/wp-json\/wp\/v2\/product\/1629\/revisions"}],"predecessor-version":[{"id":1631,"href":"http:\/\/emb-solucoes.com\/teste\/wp-json\/wp\/v2\/product\/1629\/revisions\/1631"}],"wp:featuredmedia":[{"embeddable":true,"href":"http:\/\/emb-solucoes.com\/teste\/wp-json\/wp\/v2\/media\/1615"}],"wp:attachment":[{"href":"http:\/\/emb-solucoes.com\/teste\/wp-json\/wp\/v2\/media?parent=1629"}],"wp:term":[{"taxonomy":"product_brand","embeddable":true,"href":"http:\/\/emb-solucoes.com\/teste\/wp-json\/wp\/v2\/product_brand?post=1629"},{"taxonomy":"product_cat","embeddable":true,"href":"http:\/\/emb-solucoes.com\/teste\/wp-json\/wp\/v2\/product_cat?post=1629"},{"taxonomy":"product_tag","embeddable":true,"href":"http:\/\/emb-solucoes.com\/teste\/wp-json\/wp\/v2\/product_tag?post=1629"}],"curies":[{"name":"wp","href":"https:\/\/api.w.org\/{rel}","templated":true}]}}